{"id":3,"date":"2022-08-04T11:32:23","date_gmt":"2022-08-04T09:32:23","guid":{"rendered":"http:\/\/localhost:8181\/?page_id=3"},"modified":"2025-12-23T17:21:27","modified_gmt":"2025-12-23T16:21:27","slug":"polityka-prywatnosci","status":"publish","type":"page","link":"https:\/\/osiedleforrest.pl\/?page_id=3","title":{"rendered":"POLITYKA PRYWATNO\u015aCI ORAZ PLIK\u00d3W \u201cCOOKIES\u201d"},"content":{"rendered":"\n<h1 class=\"wp-block-heading\">Polityka prywatno\u015bci serwisu internetowego Osiedle Forrest www.osiedleforrest.pl<\/h1>\n\n\n\n<p>W trosce o bezpiecze\u0144stwo powierzonych nam danych opracowali\u015bmy wewn\u0119trzne procedury i zalecenia, kt\u00f3re maj\u0105 zapobiec udost\u0119pnieniu danych osobom nieupowa\u017cnionym. Kontrolujemy ich wykonywanie i stale sprawdzamy ich zgodno\u015b\u0107 z odpowiednimi aktami prawnymi \u2013 Rozporz\u0105dzeniem Parlamentu Europejskiego Rady (UE) 2016\/679 z dnia 27 kwietnia 2016 r. w sprawie ochrony os\u00f3b fizycznych w zwi\u0105zku z przetwarzaniem danych osobowych i w sprawie swobodnego przep\u0142ywu takich danych oraz uchylenia dyrektywy 95\/46\/WE (og\u00f3lne rozporz\u0105dzenie o ochronie danych) (Dz.U.UE.L Nr 119) (dalej: \u201eRODO\u201d), ustaw\u0105 o ochronie danych osobowych, ustaw\u0105 o \u015bwiadczeniu us\u0142ug drog\u0105 elektroniczn\u0105, a tak\u017ce wszelkiego rodzaju aktach wykonawczych i aktach prawa wsp\u00f3lnotowego.<\/p>\n\n\n\n<p><strong>I. Administrator danych osobowych:<\/strong><\/p>\n\n\n\n<p>Administratorem Twoich danych osobowych jest \u201ePS CONSTRUCTION\u201d Sp\u00f3\u0142ka z ograniczon\u0105 odpowiedzialno\u015bci\u0105 ul. Aleje Jerozolimskie 96, 00-807 Warszawa, KRS: 0000787993; NIP 7010927506; REGON: 383442770, dalej \u201ePS Construction\u201d.<\/p>\n\n\n\n<p><strong>II. Kontakt w sprawie ochrony danych:<\/strong><\/p>\n\n\n\n<p>W sprawach dotycz\u0105cych danych osobowych mo\u017cesz kontaktowa\u0107 si\u0119:<\/p>\n\n\n\n<p>1. telefonicznie: +48 663 550&nbsp;660;<\/p>\n\n\n\n<p>2. poczt\u0105 elektroniczn\u0105 na adres: biuro@psconstruction.pl;<\/p>\n\n\n\n<p>3. pisemnie na adres: PS Construction Sp. z o.o. ul. Aleje Jerozolimskie 96, 00-807 Warszawa.<\/p>\n\n\n\n<p><strong>III. Cele i podstawy prawne przetwarzania danych:<\/strong><\/p>\n\n\n\n<p>W zale\u017cno\u015bci od sytuacji PS Construction mo\u017ce przetwarza\u0107 Twoje dane osobowe w nast\u0119puj\u0105cych celach i na nast\u0119puj\u0105cych podstawach prawnych:<\/p>\n\n\n\n<p>1. &nbsp;w celu zawierania z Tob\u0105 i wykonywania przez PS Construction um\u00f3w, w tym um\u00f3w takich jak: umowa rezerwacyjna, umowa przenosz\u0105ca w\u0142asno\u015b\u0107 nieruchomo\u015bci, umowa przedwst\u0119pna, umowa sprzeda\u017cy nieruchomo\u015bci:<\/p>\n\n\n\n<p>1.1. podejmuj\u0105c niezb\u0119dne dzia\u0142ania przed zawarciem umowy (np.&nbsp;ustalaj\u0105c jej warunki) oraz nast\u0119pnie realizuj\u0105c ju\u017c zawart\u0105 umow\u0119 (tj. na podstawie art. 6 ust.&nbsp;1 lit.&nbsp;b RODO);<\/p>\n\n\n\n<p>1.2. podejmuj\u0105c dzia\u0142ania o charakterze faktycznym i prawnym w zwi\u0105zku z pe\u0142nomocnictwem udzielonym PS Construction w ramach zawartej umowy i w zakresie wynikaj\u0105cym z tego pe\u0142nomocnictwa, np. sk\u0142adania o\u015bwiadcze\u0144 w przedmiocie ustanowienia odpowiednich s\u0142u\u017cebno\u015bci (w szczeg\u00f3lno\u015bci s\u0142u\u017cebno\u015bci przesy\u0142u i gruntowych), zmiany udzia\u0142u w nieruchomo\u015bci wsp\u00f3lnej lub zawierania um\u00f3w o podzia\u0142 do korzystania z nieruchomo\u015bci wsp\u00f3lnej (tj. na podstawie art. 6 ust.&nbsp;1 lit.&nbsp;b RODO);<\/p>\n\n\n\n<p>1.3. wype\u0142niaj\u0105c ci\u0105\u017c\u0105ce w zwi\u0105zku z tym na PS Construction obowi\u0105zki prawne (tj. na podstawie art. 6 ust. 1 lit.&nbsp;c RODO) &nbsp;np. wynikaj\u0105ce z przepis\u00f3w podatkowych, ksi\u0119gowych.<\/p>\n\n\n\n<p>2. W celu prowadzenia korespondencji r\u00f3wnie\u017c marketingowej &#8211; realizuj\u0105c prawnie uzasadniony interes PS Construction (tj. na podstawie art. 6 ust. 1 lit. f RODO), jakim jest kontaktowanie si\u0119 z klientami (w tym badanie poziomu ich satysfakcji), kontrahentami i innymi osobami (w tym odpowiadanie na ich zapytania) za pomoc\u0105 poczty elektronicznej (e-mail), tradycyjnej, telefonu, a tak\u017ce poprzez formularz kontaktowy na stronie internetowej, czat online, infolini\u0119 itp.;<\/p>\n\n\n\n<p>3. w celu ustalenia, dochodzenia lub obrony przed roszczeniami \u2013 realizuj\u0105c prawnie uzasadniony interes PS Construction (tj. na podstawie art. 6 ust. 1 lit. f RODO) \u2013 podejmuj\u0105c w razie potrzeby niezb\u0119dne dzia\u0142ania, w szczeg\u00f3lno\u015bci dzia\u0142ania dotycz\u0105ce Twoich danych osobowych (np. odpowiadaj\u0105c na roszczenia zwi\u0105zane z ich przetwarzaniem);<\/p>\n\n\n\n<p>4. w celu realizacji prawnie uzasadnionych interes\u00f3w PS Construction (tj. na podstawie art. 6 ust. 1 lit. f RODO):<\/p>\n\n\n\n<p>4.1. archiwizuj\u0105c w niezb\u0119dnym zakresie dokumentacj\u0119 (w tym zawieraj\u0105c\u0105 dane osobowe);<\/p>\n\n\n\n<p>4.2. udost\u0119pniaj\u0105c lub ujawniaj\u0105c podmiotom trzecim w niezb\u0119dnym zakresie dokumentacj\u0119 (w tym zawieraj\u0105c\u0105 dane osobowe), np. w celu umo\u017cliwienia im zbadania stanu prawnego nieruchomo\u015bci nale\u017c\u0105cych do PS Construction lub stanu zobowi\u0105za\u0144 PS Construction;<\/p>\n\n\n\n<p>5. w celu wype\u0142nienia ci\u0105\u017c\u0105cych na PS Construction obowi\u0105zk\u00f3w prawnych (tj. na podstawie art. 6 ust. 1 lit. c RODO), np. udost\u0119pniaj\u0105c lub ujawniaj\u0105c uprawnionym organom administracji publicznej w niezb\u0119dnym zakresie dokumentacj\u0119 (w tym zawieraj\u0105c\u0105 dane osobowe), m.in. w celu umo\u017cliwienia tym organom zbadania spe\u0142nienia przez PS Construction powszechnie obowi\u0105zuj\u0105cych przepis\u00f3w.<\/p>\n\n\n\n<p><strong>IV. Kategorie odbiorc\u00f3w danych:<\/strong><\/p>\n\n\n\n<p>Twoje dane osobowe mog\u0105 by\u0107 udost\u0119pnione nast\u0119puj\u0105cym kategoriom podmiot\u00f3w:<\/p>\n\n\n\n<p>1. podmiotom upowa\u017cnionym na podstawie przepis\u00f3w prawa (s\u0105dom, organom pa\u0144stwowym itp.);<\/p>\n\n\n\n<p>2. podwykonawcom i innym podmiotom \u015bwiadcz\u0105cym us\u0142ugi na rzecz PS Construction, w tym w&nbsp;szczeg\u00f3lno\u015bci podmiotom \u015bwiadcz\u0105cym us\u0142ugi ksi\u0119gowe, informatyczne, marketingowe, komunikacyjne i analityczne, prawne i windykacyjne, po\u015brednikom kredytowym oraz podmiotom \u015bwiadcz\u0105cym us\u0142ugi z zakresu niszczenia dokument\u00f3w, a&nbsp;tak\u017ce bankom prowadz\u0105cym rachunki powiernicze do wp\u0142at nabywc\u00f3w;<\/p>\n\n\n\n<p>3. podmiotom, kt\u00f3rym konieczne b\u0119dzie przekazanie Twoich danych osobowych w zwi\u0105zku z udzielonym przez Ciebie na rzecz PS Construction pe\u0142nomocnictwem w celu jego wykonania (np. w\u0142a\u015bcicielom nieruchomo\u015bci s\u0105siednich lub podmiotom, kt\u00f3rych statutowym zadaniem jest dzia\u0142alno\u015b\u0107 energetyczna, wodno-kanalizacyjna, gazowa, telekomunikacyjna, itp. w celu ustanowienia odpowiednich s\u0142u\u017cebno\u015bci);<\/p>\n\n\n\n<p>4. sp\u00f3\u0142kom powi\u0105zanym z PS Construction.<\/p>\n\n\n\n<p>W ka\u017cdym wypadku udost\u0119pnianie Twoich danych osobowych ww. odbiorcom b\u0119dzie odbywa\u0107 si\u0119 tylko, gdy b\u0119dzie to niezb\u0119dne oraz na podstawie stosownego upowa\u017cnienia, umowy powierzenia przetwarzania danych osobowych albo na mocy obowi\u0105zuj\u0105cych przepis\u00f3w, a tak\u017ce z zachowaniem wymog\u00f3w poufno\u015bci i bezpiecze\u0144stwa.<\/p>\n\n\n\n<p><strong>V. Przekazywanie danych poza Europejski Obszar Gospodarczy:<\/strong><\/p>\n\n\n\n<p>PS Construction nie b\u0119dzie przekazywa\u0142a Twoich danych osobowych poza Europejski Obszar Gospodarczy lub do organizacji mi\u0119dzynarodowej.<\/p>\n\n\n\n<p><strong>VI. Okres przechowywania danych:<\/strong><\/p>\n\n\n\n<p>Twoje dane osobowe PS Construction b\u0119dzie przechowywa\u0107:<\/p>\n\n\n\n<p>1. w celu zawierania i wykonywania um\u00f3w:<\/p>\n\n\n\n<p>1.1. do momentu rozwi\u0105zania lub wyga\u015bni\u0119cia umowy \u2013 dotyczy to danych niezb\u0119dnych do prawid\u0142owego wykonywania umowy;<\/p>\n\n\n\n<p>1.2. do momentu wyga\u015bni\u0119cia obowi\u0105zk\u00f3w przechowywania danych wynikaj\u0105cych z&nbsp;przepis\u00f3w prawa \u2013 w zakresie w jakim dane b\u0119d\u0105 przetwarzane w ramach wype\u0142niania obowi\u0105zku prawnego (np. przepis\u00f3w podatkowych);<\/p>\n\n\n\n<p>2. w celu prowadzenia korespondencji:<\/p>\n\n\n\n<p>2.1. do momentu zako\u0144czenia za\u0142atwiania spraw, z kt\u00f3rymi zwi\u0105zana jest dana korespondencja;<\/p>\n\n\n\n<p>2.2. do momentu wyga\u015bni\u0119cia umowy albo wyga\u015bni\u0119cia lub przedawnienia roszcze\u0144 z&nbsp;ni\u0105 zwi\u0105zanych \u2013 gdy korespondencja dotyczy realizacji zawartej z Tob\u0105 umowy lub prowadzona jest w celu zawarcia nowej umowy;<\/p>\n\n\n\n<p>2.3. do momentu wyga\u015bni\u0119cia lub przedawnienia roszcze\u0144 \u2013 gdy korespondencja dotyczy ustalenia, dochodzenia lub obrony przed roszczeniami;<\/p>\n\n\n\n<p>2.4. do momentu wyga\u015bni\u0119cia obowi\u0105zk\u00f3w przechowywania danych wynikaj\u0105cych z&nbsp;przepis\u00f3w prawa \u2013 gdy korespondencja prowadzona jest w celu wype\u0142nienia ci\u0105\u017c\u0105cych na PS Construction obowi\u0105zk\u00f3w prawnych<\/p>\n\n\n\n<p>3. w celu realizacji prawnie uzasadnionych interes\u00f3w PS Construction:<\/p>\n\n\n\n<p>3.1. do momentu wyga\u015bni\u0119cia lub przedawnienia roszcze\u0144 \u2013 gdy dane b\u0119d\u0105 przetwarzane celu ustalania, dochodzenia lub obrony przed roszczeniami;<\/p>\n\n\n\n<p>3.2. do momentu, gdy przechowywanie danych nie b\u0119dzie ju\u017c niezb\u0119dne do realizacji prawnie uzasadnionych interes\u00f3w PS Construction;<\/p>\n\n\n\n<p>4. w celu wype\u0142nienia ci\u0105\u017c\u0105cych na PS Construction obowi\u0105zk\u00f3w prawnych \u2013 do momentu wyga\u015bni\u0119cia obowi\u0105zk\u00f3w przechowywania danych wynikaj\u0105cych z przepis\u00f3w prawa.<\/p>\n\n\n\n<p><strong>VII. Twoje prawa:<\/strong><\/p>\n\n\n\n<p>Gdy PS Construction przetwarza Twoje dane, przys\u0142uguj\u0105 Ci \u2013 na warunkach szczeg\u00f3\u0142owo okre\u015blonych w RODO \u2013 nast\u0119puj\u0105ce prawa:<\/p>\n\n\n\n<p>1. do <strong>uzyskania<\/strong> dost\u0119pu do Twoich danych oraz otrzymywania ich kopii;<\/p>\n\n\n\n<p>2. do \u017c\u0105dania niezw\u0142ocznego <strong>sprostowania<\/strong> (poprawienia) Twoich danych;<\/p>\n\n\n\n<p>3. do \u017c\u0105dania <strong>usuni\u0119cia<\/strong> Twoich danych (chyba \u017ce PS Construction ma podstawy prawne do dalszego ich przetwarzania);<\/p>\n\n\n\n<p>4. do ograniczenia <strong>przetwarzani<\/strong>a Twoich danych, m.in. w razie kwestionowania prawid\u0142owo\u015bci tych danych \u2013 na okres pozwalaj\u0105cy PS Construction sprawdzi\u0107 prawid\u0142owo\u015b\u0107 tych danych;<\/p>\n\n\n\n<p>5. do <strong>przenoszenia<\/strong> danych &#8211; prawo do otrzymania w ustrukturyzowanym, powszechnie u\u017cywanym formacie nadaj\u0105cym si\u0119 do odczytu maszynowego, danych osobowych dostarczonych PS Construction na podstawie Twojej zgody lub na podstawie umowy, ale tylko gdy dane te s\u0105 przetwarzane przez PS Construction w spos\u00f3b zautomatyzowany (nie dotyczy to zbior\u00f3w papierowych); prawo to mo\u017ce by\u0107 wykonane poprzez zlecenie przes\u0142ania tych danych bezpo\u015brednio innemu podmiotowi;6. do <strong>wniesienia skargi<\/strong> do organu nadzorczego \u2013 do Prezesa Urz\u0119du Ochrony Danych Osobowych &#8211; je\u017celi b\u0119dziesz uwa\u017ca\u0107, \u017ce dane s\u0105 przetwarzane niezgodnie z prawem;<\/p>\n\n\n\n<p>7. do <strong>wycofania<\/strong> zgody na przetwarzanie danych osobowych \u2013 dotyczy to tylko tych danych, kt\u00f3re PS Construction b\u0119dzie przetwarza\u0107 na podstawie udzielonej przez Ciebie zgody i z tym zastrze\u017ceniem, \u017ce wycofanie zgody nie wp\u0142ynie na zgodno\u015b\u0107 z prawem przetwarzania danych przed wycofaniem zgody.<\/p>\n\n\n\n<p>W celu wykonania swoich praw mo\u017cesz skontaktowa\u0107 si\u0119 z PS Construction w jeden ze sposob\u00f3w podanych pkt. II.<\/p>\n\n\n\n<p><strong>VIII. Informacja na temat profilowania:<\/strong><\/p>\n\n\n\n<p>Twoje dane osobowe nie b\u0119d\u0105 przetwarzane przez PS Construction w spos\u00f3b zautomatyzowany (w tym poprzez profilowanie) w celu podj\u0119cia decyzji wywo\u0142uj\u0105cej wobec Ciebie skutki prawne lub w podobny spos\u00f3b istotnie na ni\u0105 wp\u0142ywaj\u0105c.<\/p>\n\n\n\n<p><strong>IX. Prawo do sprzeciwu:<\/strong><\/p>\n\n\n\n<p>Mo\u017cesz w ka\u017cdym czasie wyrazi\u0107 sprzeciw wobec przetwarzania przez PS Construction Twoich danych osobowych w celu realizacji prawnie uzasadnionego interesu (art. 6 ust. 1 lit. f RODO), kontaktuj\u0105c si\u0119 z PS Construction w jeden ze sposob\u00f3w podanych w pkt II. PS Construction nie b\u0119dzie wtedy ju\u017c mog\u0142a przetwarza\u0107 Twoich danych osobowych, chyba \u017ce wyka\u017ce istnienie wa\u017cnych prawnie uzasadnionych podstaw do przetwarzania, nadrz\u0119dnych wobec Twoich interes\u00f3w, praw i wolno\u015bci, lub podstaw do ustalenia dochodzenia lub obrony roszcze\u0144.<\/p>\n\n\n\n<p><strong>X. Informacja o wymogu lub dobrowolno\u015bci podania danych i konsekwencjach ich niepodania:<\/strong><\/p>\n\n\n\n<p>Podanie przez Ciebie danych osobowych jest dobrowolne i nie jest wymogiem umownym ani ustawowym, ale mo\u017ce by\u0107 niezb\u0119dnym warunkiem do zawarcia z PS Construction umowy i&nbsp;nast\u0119pnie prawid\u0142owego jej wykonywania.<\/p>\n\n\n\n<h1 class=\"wp-block-heading\">Polityka plik\u00f3w \u201ccookies\u201d<\/h1>\n\n\n\n<p>W serwisie Osiedle Forrest www.osiedleforrest.pl celem poprawienia wy\u015bwietlania tre\u015bci mo\u017cliwe jest stosowanie plik\u00f3w \u201ecookies\u201d. W ka\u017cdej chwili masz prawo okre\u015bli\u0107 warunki przechowywania lub dost\u0119pu do Twoich danych zmieniaj\u0105c ustawienia plik\u00f3w \u201ecookies\u201d w swojej przegl\u0105darce internetowej.<\/p>\n\n\n\n<p>Niniejsza \u201ePolityka Prywatno\u015bci\u201d s\u0142u\u017cy wyja\u015bnieniu tego, w jakim celu na stronach internetowych, kt\u00f3rymi administruje PS Construction Sp\u00f3\u0142ka z ograniczon\u0105 odpowiedzialno\u015bci\u0105 z siedzib\u0105 w Warszawie, Aleje Jerozolimskie 96, 00-807 Warszawa, wpisana do rejestru przedsi\u0119biorc\u00f3w Krajowego Rejestru S\u0105dowego prowadzonego przez S\u0105d Rejonowy dla m. st. Warszawy w Warszawie, XIII Wydzia\u0142 Gospodarczy Krajowego Rejestru S\u0105dowego pod numerem KRS: 0000787993, REGON: 383442770, NIP: 7010927506 (dalej jako: PS Construction Sp z o.o.), mog\u0105 by\u0107 u\u017cywane pliki \u201ecookies\u201d oraz w jaki spos\u00f3b u\u017cytkownik ma prawo okre\u015bli\u0107 warunki stosowania plik\u00f3w \u201ecookies\u201d. Przez korzystanie z tej strony wyra\u017casz zgod\u0119 na stosowanie ciasteczek zgodnie z t\u0105 Polityk\u0105 Prywatno\u015bci.<\/p>\n\n\n\n<h3 class=\"wp-block-heading\" id=\"czym-sa-pliki-cookies\">Czym s\u0105 pliki \u201ecookies\u201d?<\/h3>\n\n\n\n<p>Ciasteczka (z ang. cookies) to dane informatyczne, a w szczeg\u00f3lno\u015bci pliki tekstowe o niewielkim rozmiarze, kt\u00f3re s\u0105 wysy\u0142ane przez serwer odwiedzanej strony internetowej i zapisywane na urz\u0105dzeniu, z kt\u00f3rego korzystamy w momencie jej przegl\u0105dania. Ciasteczka u\u0142atwiaj\u0105 korzystanie z serwis\u00f3w internetowych, kt\u00f3rych zawarto\u015b\u0107 w postaci tre\u015bci, zdj\u0119\u0107 jak r\u00f3wnie\u017c reklam jest lepiej dopasowana pod k\u0105tem indywidualnych oczekiwa\u0144 u\u017cytkownika.<\/p>\n\n\n\n<h3 class=\"wp-block-heading\" id=\"co-zyskujemy-z-plikami-cookies\">Co zyskujemy z plikami \u201ecookies\u201d?<\/h3>\n\n\n\n<p>Dzi\u0119ki zapisanych w plikach \u201ccookies\u201d informacjach, dowiadujemy si\u0119 wi\u0119cej o upodobaniach naszych u\u017cytkownik\u00f3w, dlatego mo\u017cemy udoskonala\u0107 swoje serwisy czyni\u0105c je lepiej dopasowanymi do Twoich potrzeb.<\/p>\n\n\n\n<h3 class=\"wp-block-heading\">Przyk\u0142adowe zalety plik\u00f3w \u201ecookies\u201d:<\/h3>\n\n\n\n<ul class=\"wp-block-list\">\n<li>Zapami\u0119tuj\u0105 nasze odwiedziny na stronie i wybrane jej preferencje jak np. j\u0119zyk<\/li>\n\n\n\n<li>Pomagaj\u0105 w dostarczaniu spersonalizowanej zawarto\u015bci serwisu<\/li>\n\n\n\n<li>Pozwalaj\u0105 na korzystanie z kont w serwisach<\/li>\n\n\n\n<li>Umo\u017cliwiaj\u0105 pomini\u0119cie konieczno\u015bci ka\u017cdorazowego rejestrowania si\u0119<\/li>\n\n\n\n<li>Pozwalaj\u0105 na dokonywanie zakup\u00f3w on-line<\/li>\n<\/ul>\n\n\n\n<h3 class=\"wp-block-heading\">Pliki \u201ecookies\u201d mo\u017cemy stosowa\u0107 w celu:<\/h3>\n\n\n\n<ul class=\"wp-block-list\">\n<li>Konfiguracji serwisu: umo\u017cliwiaj\u0105 ustawienie funkcji i us\u0142ug w serwisie<\/li>\n\n\n\n<li>Uwierzytelniania: umo\u017cliwiaj\u0105 informowanie gdy u\u017cytkownik jest zalogowany, dzi\u0119ki czemu witryna mo\u017ce pokazywa\u0107 odpowiednie informacje i funkcje<\/li>\n\n\n\n<li>Reklamy: umo\u017cliwiaj\u0105 wy\u015bwietlanie reklam, kt\u00f3re s\u0105 bardziej interesuj\u0105ce dla u\u017cytkownik\u00f3w<\/li>\n\n\n\n<li>Analizy i badania zachowania u\u017cytkownik\u00f3w: umo\u017cliwiaj\u0105 odczytanie preferencji u\u017cytkownik\u00f3w, kt\u00f3re pomagaj\u0105 zrozumie\u0107 w jaki spos\u00f3b u\u017cytkownik korzysta ze stron internetowych co umo\u017cliwia ulepszanie ich struktury i zawarto\u015bci, z wy\u0142\u0105czeniem personalnej identyfikacji u\u017cytkownika.<\/li>\n<\/ul>\n\n\n\n<h3 class=\"wp-block-heading\" id=\"jakie-pliki-cookies-mozemy-stosowac\">Jakie pliki \u201ecookies\u201d mo\u017cemy stosowa\u0107?<\/h3>\n\n\n\n<p>Na swoich stronach internetowych mo\u017cemy stosowa\u0107 kilka rodzaj\u00f3w plik\u00f3w \u201ecookies\u201d:<\/p>\n\n\n\n<ul class=\"wp-block-list\">\n<li>Ze wzgl\u0119du na czas przez jaki plik \u201ecookie\u201d jest umieszczony w urz\u0105dzeniu ko\u0144cowym u\u017cytkownika: mo\u017cemy stosowa\u0107 zar\u00f3wno pliki \u201ecookies\u201d umieszczone na czas sesji (czas korzystania z przegl\u0105darki), jak i pliki, kt\u00f3re nie s\u0105 kasowane po zamkni\u0119ciu przegl\u0105darki i pozostaj\u0105 w urz\u0105dzeniu u\u017cytkownika na okre\u015blony czas lub bez okresu wa\u017cno\u015bci.<\/li>\n\n\n\n<li>Ze wzgl\u0119du na pochodzenie wystawcy: mo\u017cemy stosowa\u0107 zar\u00f3wno w\u0142asne pliki \u201ecookies\u201d, jak i dopuszczamy mo\u017cliwo\u015b\u0107 stosowania zewn\u0119trznych plik\u00f3w \u201ecookies\u201d, pochodz\u0105cych od podmiot\u00f3w, z kt\u00f3rymi wsp\u00f3\u0142pracujemy, takich jak Google oraz od podmiot\u00f3w realizuj\u0105cych dla nas kampanie reklamowe. Z uwagi na fakt, \u017ce spos\u00f3b dzia\u0142ania niekt\u00f3rych plik\u00f3w \u201ecookies\u201d pochodz\u0105cych od partner\u00f3w zewn\u0119trznych mo\u017ce by\u0107 inny, ni\u017c przedstawiony w niniejszej polityce, prosimy o zapoznanie si\u0119 z informacjami na temat tych plik\u00f3w \u201ecookies\u201d dost\u0119pnymi na stronach internetowych naszych partner\u00f3w: Google:&nbsp;<a href=\"https:\/\/www.google.pl\/intl\/pl\/policies\/technologies\/cookies\/\">&nbsp;https:\/\/www.google.pl\/intl\/pl\/policies\/technologies\/cookies\/<\/a><\/li>\n\n\n\n<li>Ze wzgl\u0119du na ingerencj\u0119 w prywatno\u015b\u0107 u\u017cytkownika: najcz\u0119\u015bciej mo\u017cemy stosowa\u0107 pliki \u201ecookies\u201d potrzebne do umo\u017cliwienia dzia\u0142ania funkcjonalno\u015bci witryny, kt\u00f3rych stosowanie nie polega na \u015bledzeniu u\u017cytkownika. Dodatkowo wykorzystujemy tak\u017ce pliki \u201ecookies\u201c do \u015bledzenia zachowa\u0144 u\u017cytkownik\u00f3w, jednak nie zbieramy informacji pozwalaj\u0105cych zidentyfikowa\u0107 dane osobowe konkretnego u\u017cytkownika.<\/li>\n<\/ul>\n\n\n\n<h3 class=\"wp-block-heading\" id=\"zarzadzanie-plikami-cookies\">Zarz\u0105dzanie plikami \u201ecookies\u201d<\/h3>\n\n\n\n<p>Domy\u015blne ustawienia przegl\u0105darki internetowej zazwyczaj pozwalaj\u0105 na umieszczanie plik\u00f3w \u201ecookies\u201d w urz\u0105dzeniu ko\u0144cowym u\u017cytkownika. W zgodzie z art. 173 ust. 2 ustawy Prawo telekomunikacyjne (Dz. U. z 21.12.2012 r., poz. 1445) pozostawienie takich ustawie\u0144 przegl\u0105darki po otrzymaniu informacji na temat plik\u00f3w \u201ecookies\u201d stosowanych w witrynie jest r\u00f3wnoznaczne z wyra\u017ceniem zgody na stosowanie plik\u00f3w \u201ecookies\u201d w witrynach internetowych.<\/p>\n\n\n\n<p>U\u017cytkownik mo\u017ce w ka\u017cdej chwili zmieni\u0107 domy\u015blne ustawienia przegl\u0105darki w celu unikni\u0119cia zamieszczenia plik\u00f3w \u201ecookies\u201d na jego urz\u0105dzeniu. Ustawienia te mog\u0105 zosta\u0107 zmienione w taki spos\u00f3b, aby blokowa\u0107 automatyczn\u0105 obs\u0142ug\u0119 plik\u00f3w \u201ecookies\u201d w ustawieniach przegl\u0105darki internetowej b\u0105d\u017a informowa\u0107 o ich ka\u017cdorazowym przes\u0142aniu na urz\u0105dzenie u\u017cytkownika. Szczeg\u00f3\u0142owe informacje o mo\u017cliwo\u015bci i sposobach obs\u0142ugi plik\u00f3w \u201ecookies\u201d dost\u0119pne s\u0105 w ustawieniach oprogramowania (przegl\u0105darki internetowej).&nbsp;<\/p>\n\n\n\n<p>Prosz\u0119 pami\u0119ta\u0107, \u017ce usuni\u0119cie lub blokada plik\u00f3w \u201ecookies\u201d mo\u017ce wi\u0105za\u0107 si\u0119 z tym, \u017ce niekt\u00f3re sekcje naszych stron internetowych nie b\u0119d\u0105 funkcjonowa\u0142y poprawnie.<\/p>\n\n\n\n<h3 class=\"wp-block-heading\" id=\"gromadzenie-innych-danych\">Gromadzenie innych danych<\/h3>\n\n\n\n<p>Na naszych serwerach mo\u017cemy przechowywa\u0107 tak\u017ce inne dane ni\u017c te, kt\u00f3re pozyskujemy z wykorzystaniem plik\u00f3w cookies. Te dane to przede wszystkim adresy IP, z kt\u00f3rych u\u017cytkownicy przegl\u0105daj\u0105 tre\u015bci zamieszczone w naszym serwisie. Mo\u017cemy przechowywa\u0107 tak\u017ce czas nadej\u015bcia zapytania do naszego serwera, nazw\u0119 stacji roboczej u\u017cytkownika i informacje o tym, jakiej u\u017cywa przegl\u0105darki. Dodatkowo, je\u015bli u\u017cytkownik zostaje przekierowany na stron\u0119 internetow\u0105 naszego serwisu z innej strony internetowej to mo\u017cemy zbiera\u0107 informacj\u0119 o adresie URL, z kt\u00f3rego nast\u0105pi\u0142o przekierowanie.<\/p>\n\n\n\n<h3 class=\"wp-block-heading\" id=\"wykorzystywanie-danych\">Wykorzystywanie danych<\/h3>\n\n\n\n<p>Zebrane dane przechowujemy przede wszystkim w celu zapewnienia mo\u017cliwie najwy\u017cszej jako\u015bci administrowania serwisem. Ponadto s\u0142u\u017c\u0105 nam one do sporz\u0105dzania statystyk dotycz\u0105cych sposobu korzystania przez u\u017cytkownik\u00f3w z naszego serwisu. Gromadzone dane nie s\u0105 ujawniane osobom trzecim, za wyj\u0105tkiem upowa\u017cnionych przepisami prawa organ\u00f3w w\u0142adzy publicznej.<\/p>\n","protected":false},"excerpt":{"rendered":"<p>Polityka prywatno\u015bci serwisu internetowego Osiedle Forrest www.osiedleforrest.pl W trosce o bezpiecze\u0144stwo powierzonych nam danych opracowali\u015bmy wewn\u0119trzne procedury i zalecenia, kt\u00f3re maj\u0105 zapobiec udost\u0119pnieniu danych osobom nieupowa\u017cnionym. Kontrolujemy ich wykonywanie i stale sprawdzamy ich zgodno\u015b\u0107 z odpowiednimi aktami prawnymi \u2013 Rozporz\u0105dzeniem Parlamentu Europejskiego Rady (UE) 2016\/679 z dnia 27 kwietnia 2016 r. w sprawie ochrony os\u00f3b [&hellip;]<\/p>\n","protected":false},"author":1,"featured_media":0,"parent":0,"menu_order":0,"comment_status":"closed","ping_status":"open","template":"","meta":{"_acf_changed":false,"footnotes":""},"class_list":["post-3","page","type-page","status-publish","hentry"],"acf":[],"_links":{"self":[{"href":"https:\/\/osiedleforrest.pl\/index.php?rest_route=\/wp\/v2\/pages\/3","targetHints":{"allow":["GET"]}}],"collection":[{"href":"https:\/\/osiedleforrest.pl\/index.php?rest_route=\/wp\/v2\/pages"}],"about":[{"href":"https:\/\/osiedleforrest.pl\/index.php?rest_route=\/wp\/v2\/types\/page"}],"author":[{"embeddable":true,"href":"https:\/\/osiedleforrest.pl\/index.php?rest_route=\/wp\/v2\/users\/1"}],"replies":[{"embeddable":true,"href":"https:\/\/osiedleforrest.pl\/index.php?rest_route=%2Fwp%2Fv2%2Fcomments&post=3"}],"version-history":[{"count":2,"href":"https:\/\/osiedleforrest.pl\/index.php?rest_route=\/wp\/v2\/pages\/3\/revisions"}],"predecessor-version":[{"id":1107,"href":"https:\/\/osiedleforrest.pl\/index.php?rest_route=\/wp\/v2\/pages\/3\/revisions\/1107"}],"wp:attachment":[{"href":"https:\/\/osiedleforrest.pl\/index.php?rest_route=%2Fwp%2Fv2%2Fmedia&parent=3"}],"curies":[{"name":"wp","href":"https:\/\/api.w.org\/{rel}","templated":true}]}}