{"id":1610,"date":"2025-08-22T14:22:47","date_gmt":"2025-08-22T12:22:47","guid":{"rendered":"https:\/\/osiedleforrest.pl\/?page_id=1610"},"modified":"2025-12-23T19:31:54","modified_gmt":"2025-12-23T18:31:54","slug":"tabela-test-123","status":"publish","type":"page","link":"https:\/\/osiedleforrest.pl\/?page_id=1610","title":{"rendered":"Aktualna tabela dost\u0119pno\u015bci"},"content":{"rendered":"\t\t<div data-elementor-type=\"wp-post\" data-elementor-id=\"1610\" class=\"elementor elementor-1610\">\n\t\t\t\t<div class=\"elementor-element elementor-element-5e4e1cd e-con-full e-flex e-con e-parent\" data-id=\"5e4e1cd\" data-element_type=\"container\">\n\t\t\t\t<div class=\"elementor-element elementor-element-b187035 elementor-widget-mobile__width-inherit elementor-widget elementor-widget-heading\" data-id=\"b187035\" data-element_type=\"widget\" data-widget_type=\"heading.default\">\n\t\t\t\t\t<h2 class=\"elementor-heading-title elementor-size-default\">Aktualna tabela dost\u0119pno\u015bci<\/h2>\t\t\t\t<\/div>\n\t\t\t\t<\/div>\n\t\t<div class=\"elementor-element elementor-element-2e9927e e-con-full e-flex e-con e-parent\" data-id=\"2e9927e\" data-element_type=\"container\">\n\t\t\t\t<div class=\"elementor-element elementor-element-2876d05 elementor-widget elementor-widget-shortcode\" data-id=\"2876d05\" data-element_type=\"widget\" data-widget_type=\"shortcode.default\">\n\t\t\t\t\t\t\t<div class=\"elementor-shortcode\">    <div class=\"responsive-iframe-container\">\n      <iframe \n        src=\"https:\/\/osiedleforrest.pl\/?tabela_iframe=1&#038;v=1777954282\" \n        title=\"Tabela Mieszka\u0144 - Osiedle Jaworowa\" \n        frameborder=\"0\" \n        allowfullscreen>\n      <\/iframe>\n    <\/div>\n    <style>\n      .responsive-iframe-container {\n          position: relative; \n          overflow: hidden; \n          width: 100%; \n          padding-top: 70%; \/* Default dla desktop *\/\n      }\n      .responsive-iframe-container iframe {\n          position: absolute; \n          top: 0; \n          left: 0; \n          width: 100%; \n          height: 100%; \n          border: none;\n      }\n      @media (max-width: 1000px) {\n          .responsive-iframe-container { padding-top: 80% !important; }\n      }\n      @media (max-width: 500px) {\n          .responsive-iframe-container { padding-top: 90% !important; }\n          .responsive-iframe-container iframe { left: -2px; }\n      }\n    <\/style>\n    <\/div>\n\t\t\t\t\t\t<\/div>\n\t\t\t\t<\/div>\n\t\t<div class=\"elementor-element elementor-element-ce3f9b3 e-flex e-con-boxed e-con e-parent\" data-id=\"ce3f9b3\" data-element_type=\"container\">\n\t\t\t\t\t<div class=\"e-con-inner\">\n\t\t\t\t<div class=\"elementor-element elementor-element-b547250 elementor-widget-mobile__width-inherit elementor-widget elementor-widget-heading\" data-id=\"b547250\" data-element_type=\"widget\" data-widget_type=\"heading.default\">\n\t\t\t\t\t<h2 class=\"elementor-heading-title elementor-size-default\">Podana cena ca\u0142kowita jest cen\u0105 brutto i obejmuje warto\u015b\u0107 domu, przynale\u017cnej dzia\u0142ki oraz udzia\u0142u w drodze dojazdowej.<\/h2>\t\t\t\t<\/div>\n\t\t\t\t\t<\/div>\n\t\t\t\t<\/div>\n\t\t\t\t<\/div>\n\t\t","protected":false},"excerpt":{"rendered":"<p>Aktualna tabela dost\u0119pno\u015bci Podana cena ca\u0142kowita jest cen\u0105 brutto i obejmuje warto\u015b\u0107 domu, przynale\u017cnej dzia\u0142ki oraz udzia\u0142u w drodze dojazdowej.<\/p>\n","protected":false},"author":2,"featured_media":0,"parent":0,"menu_order":0,"comment_status":"closed","ping_status":"closed","template":"elementor_header_footer","meta":{"_acf_changed":false,"footnotes":""},"class_list":["post-1610","page","type-page","status-publish","hentry"],"acf":[],"_links":{"self":[{"href":"https:\/\/osiedleforrest.pl\/index.php?rest_route=\/wp\/v2\/pages\/1610","targetHints":{"allow":["GET"]}}],"collection":[{"href":"https:\/\/osiedleforrest.pl\/index.php?rest_route=\/wp\/v2\/pages"}],"about":[{"href":"https:\/\/osiedleforrest.pl\/index.php?rest_route=\/wp\/v2\/types\/page"}],"author":[{"embeddable":true,"href":"https:\/\/osiedleforrest.pl\/index.php?rest_route=\/wp\/v2\/users\/2"}],"replies":[{"embeddable":true,"href":"https:\/\/osiedleforrest.pl\/index.php?rest_route=%2Fwp%2Fv2%2Fcomments&post=1610"}],"version-history":[{"count":68,"href":"https:\/\/osiedleforrest.pl\/index.php?rest_route=\/wp\/v2\/pages\/1610\/revisions"}],"predecessor-version":[{"id":1740,"href":"https:\/\/osiedleforrest.pl\/index.php?rest_route=\/wp\/v2\/pages\/1610\/revisions\/1740"}],"wp:attachment":[{"href":"https:\/\/osiedleforrest.pl\/index.php?rest_route=%2Fwp%2Fv2%2Fmedia&parent=1610"}],"curies":[{"name":"wp","href":"https:\/\/api.w.org\/{rel}","templated":true}]}}